{"id":3059,"date":"2025-01-27T10:00:48","date_gmt":"2025-01-27T13:00:48","guid":{"rendered":"http:\/\/www.cudecoop.coop\/cudecoop\/?page_id=3059"},"modified":"2026-01-26T15:01:12","modified_gmt":"2026-01-26T18:01:12","slug":"educacion-cooperativa","status":"publish","type":"page","link":"https:\/\/www.cudecoop.coop\/cudecoop\/educacion-cooperativa\/","title":{"rendered":"Especialista en Gesti\u00f3n Cooperativa"},"content":{"rendered":"\r\n<h1 class=\"wp-block-heading\"><strong>ESPECIALISTA EN GESTI\u00d3N COOPERATIVA<\/strong><\/h1>\r\n\r\n\r\n\r\n<p><strong>Pr\u00f3ximo comienzo: 8 de abril de 2026<\/strong><\/p>\r\n\r\n\r\n\r\n\r\n\r\n<p>El curso tiene por finalidad generar en los participantes las competencias necesarias para la gesti\u00f3n integral de las cooperativas desde sus respectivos roles tanto institucionales como t\u00e9cnicos.<\/p>\r\n\r\n\r\n\r\n<p>Destinado a dirigentes de Cooperativas que cumplen roles institucionales y\/o t\u00e9cnicos en los Comit\u00e9s de Educaci\u00f3n, Fomento e Integraci\u00f3n Cooperativa.- Tambi\u00e9n est\u00e1 dirigido a profesionales y t\u00e9cnicos que trabajan vinculados al sector o que buscan hacerlo. Tanto para participantes de Uruguay como de otros pa\u00edses.<\/p>\r\n\r\n\r\n\r\n<p>En temas sociales y econ\u00f3micos, sobre bases sectoriales o territoriales, con especial \u00e9nfasis en el sector cooperativo y la econom\u00eda social.<\/p>\r\n\r\n\r\n\r\n<p>De car\u00e1cter t\u00e9cnico o de divulgaci\u00f3n, referidos a cooperativismo, econom\u00eda social, gesti\u00f3n grupal o empresarial, derecho cooperativo y tratamiento fiscal, a trav\u00e9s de ediciones propias en soporte papel y\/o electr\u00f3nico. <span style=\"color: #000080;\"><strong>INSCRIPCIONES EN LA FICHA A LA DERECHA&nbsp;<\/strong><\/span><\/p>\r\n\r\n\r\n\r\n\r\n\r\n\r\n\r\n<h3 class=\"wp-block-heading\"><strong>EL PROGRAMA DEL CURSO:<\/strong><\/h3>\r\n\r\n\r\n\r\n<p><strong>M\u00f3dulo 1.- Caracter\u00edsticas Generales.<\/strong><\/p>\r\n\r\n\r\n\r\n<p>Origen y evoluci\u00f3n del cooperativismo. Doctrina y teor\u00eda cooperativa. Principios y valores de la cooperaci\u00f3n. Paradigmas del desarrollo cooperativo. Cooperativismo en el Uruguay, Am\u00e9rica Latina y en el mundo. Las cooperativas en la econom\u00eda global y en las econom\u00edas locales. Organizaciones cooperativas nacionales, regionales e internacionales.<\/p>\r\n\r\n\r\n\r\n<p><strong>M\u00f3dulo 2.- Legislaci\u00f3n&nbsp;<\/strong><\/p>\r\n\r\n\r\n\r\n<p>Evoluci\u00f3n de la legislaci\u00f3n cooperativa. Ley General de Cooperativas. Estatuto Cooperativo. Acto cooperativo. Modalidades cooperativas y sus caracter\u00edsticas. Organismos de promoci\u00f3n, control y fiscalizaci\u00f3n.<\/p>\r\n\r\n\r\n\r\n<p><strong>M\u00f3dulo 3.- Gesti\u00f3n estrat\u00e9gica de las organizaciones.<\/strong><\/p>\r\n\r\n\r\n\r\n<p>Sociolog\u00eda de las organizaciones. Planificaci\u00f3n y gesti\u00f3n estrat\u00e9gicas. Ambiente externo: macroeconom\u00eda, tendencias. Ambiente interno: estructura, infraestructura, pol\u00edticas, planes, programas. Competencia y competitividad. Cadena de valor. Herramientas para la gesti\u00f3n. Herramientas para la innovaci\u00f3n.<\/p>\r\n\r\n\r\n\r\n<p><strong>M\u00f3dulo 4.- Elementos de gesti\u00f3n asociativa.-<\/strong><\/p>\r\n\r\n\r\n\r\n<p>Propiedades de las cooperativas como sistema social y como sistema econ\u00f3mico. \u00d3rganos cooperativos. Gobierno cooperativo. Liderazgo, roles, delegaci\u00f3n, participaci\u00f3n. Estilos de direcci\u00f3n y proceso de toma de decisiones. Principales desaf\u00edos en la gesti\u00f3n cooperativa.<\/p>\r\n\r\n\r\n\r\n<p><strong>M\u00f3dulo 5.- Elementos de gesti\u00f3n empresarial.-<\/strong><\/p>\r\n\r\n\r\n\r\n<p>Principios generales de administraci\u00f3n y su aplicabilidad en las cooperativas. Gesti\u00f3n financiera, instrumentos de capitalizaci\u00f3n y financiamiento. Gesti\u00f3n de Marketing y comercializaci\u00f3n. Organizaci\u00f3n de la producci\u00f3n. Gesti\u00f3n y desarrollo de los recursos humanos. R\u00e9gimen tributario.<\/p>\r\n\r\n\r\n\r\n<p><strong>M\u00f3dulo 6.- Herramientas de gesti\u00f3n.<\/strong><\/p>\r\n\r\n\r\n\r\n<p>Formulaci\u00f3n, ejecuci\u00f3n, monitoreo y control de proyectos cooperativos. An\u00e1lisis de viabilidad econ\u00f3mica y social de proyectos cooperativos. Mecanismos de apoyo y capacitaci\u00f3n para cooperativas.<\/p>\r\n<p><strong><span style=\"color: #808080;\">Roc\u00edo Gonz\u00e1lez, exalumna del curso, nos brinda su testimonio como egresada de la especializaci\u00f3n en gesti\u00f3n cooperativa<\/span><\/strong><\/p>\r\n<p><strong>\r\n\r\n\r\n\r\n<\/strong><\/p>\r\n<p><iframe loading=\"lazy\" title=\"Roc\u00edo Gonz\u00e1lez - Especializaci\u00f3n en gesti\u00f3n cooperativa de CUDECOOP\" width=\"525\" height=\"295\" src=\"https:\/\/www.youtube.com\/embed\/b7NZNV4FNGo?feature=oembed\" frameborder=\"0\" allow=\"accelerometer; autoplay; clipboard-write; encrypted-media; gyroscope; picture-in-picture; web-share\" referrerpolicy=\"strict-origin-when-cross-origin\" allowfullscreen><\/iframe><\/p>\r\n<h4 class=\"wp-block-heading\"><span style=\"color: #808080;\">Cecilia del Rivero, exalumna del curso, nos brinda su testimonio como egresada de la especializaci\u00f3n en gesti\u00f3n cooperativa<\/span><\/h4>\r\n<p><iframe loading=\"lazy\" title=\"Testimonio Diplomado en Gesti\u00f3n Cooperativa - Cecilia del Rivero\" width=\"525\" height=\"295\" src=\"https:\/\/www.youtube.com\/embed\/cA6GyWu9x_g?start=24&#038;feature=oembed\" frameborder=\"0\" allow=\"accelerometer; autoplay; clipboard-write; encrypted-media; gyroscope; picture-in-picture; web-share\" referrerpolicy=\"strict-origin-when-cross-origin\" allowfullscreen><\/iframe><\/p>\r\n<h2><strong>Equipo docente&nbsp;<\/strong><\/h2>\r\n\r\n\r\n\r\n<p>Contamos con un equipo de multidisciplinario de profesionales, t\u00e9cnicos y docentes de variadas disciplinas, muchos de ellos provenientes del movimiento cooperativo,&nbsp; de organizaciones sociales y de la Universidad de la Rep\u00fablica. Sus integrantes poseen amplia experiencia, capacidad y motivaci\u00f3n, tanto en los procesos de asistencia t\u00e9cnica como en la docencia dentro y fuera del sistema cooperativo.<\/p>\r\n\r\n\r\n\r\n<p>El equipo re\u00fane Contadores P\u00fablicos, Economistas, Abogados, Escribanos, Ingenieros Agr\u00f3nomos, Psic\u00f3logos, Ingenieros Qu\u00edmicos, Ingenieros de Sistemas, Trabajadores Sociales, Antrop\u00f3logos y Psic\u00f3logos, especialistas en Marketing, en gesti\u00f3n de la Calidad, en Responsabilidad Social Corporativa, en Estad\u00edstica y t\u00e9cnicos generalistas en gesti\u00f3n de peque\u00f1as empresas. Incluye titulares de grado y maestr\u00edas en Administraci\u00f3n de Empresas, An\u00e1lisis Financiero, Desarrollo Sostenible, Gerencia Social y Gesti\u00f3n Integrada, as\u00ed como diplomados en Gesti\u00f3n de Organizaciones de Desarrollo, Administraci\u00f3n de Centros de Formaci\u00f3n Cooperativa y en Gesti\u00f3n de procesos de Desarrollo Econ\u00f3mico Local mediante Cooperativas.<\/p>\r\n<p><strong>INSCRIPCIONES<\/strong><\/p>\r\n\r\n\r\n\r\n\r\n\r\n<p>La preinscripci\u00f3n se realiza completando el formulario disponible en el sitio. La inscripci\u00f3n se efectiviza una vez abonado el curso lo que deber\u00e1 hacerse antes del martes 31 de marzo 2026. COSTO $48.000<\/p>\r\n\r\n\r\n\r\n<p><strong>Descuentos previstos:<\/strong> 10% de descuento para aquellas inscripciones que se realicen antes del 24 de marzo de 2026, o 10 % para grupos de 3 o m\u00e1s personas.<\/p>\r\n\r\n\r\n\r\n\r\n\r\n<p><strong>Financiaci\u00f3n y\/o deducciones:<\/strong> Consultar detalles en Cudecoop.<\/p>\r\n<p>Las cooperativas disponen de instrumentos, previstos en la Ley General Nro. 18.407, para acceder a trav\u00e9s del Inacoop a becas destinadas a la capacitaci\u00f3n y formaci\u00f3n de sus socios. Entre ellos, recordamos la existencia del Fondo de Educaci\u00f3n previsto en los Art\u00edculos 70 y 76 de Ley, as\u00ed como las disposiciones relativas a la Prestaci\u00f3n Coactiva, incluidas en Art\u00edculo 204, y el numeral 11 del Art\u00edculo 205.1 Sobre las deducciones a la prestaci\u00f3n coactiva.<\/p>\r\n\r\n\r\n\r\n<p>De acuerdo a lo que establece la Ley, las cooperativas podr\u00e1n deducir del total que les corresponde pagar por prestaci\u00f3n coactiva un m\u00e1ximo del 15 % por concepto de afiliaciones a entidades cooperativas de grado superior de car\u00e1cter gremial y otros servicios que estas entidades prestan. Por lo tanto, y a modo de ejemplo, si la cooperativa deduce de la prestaci\u00f3n coactiva el pago de la cuota gremial y esta representa un 10 % de lo que le corresponde pagar.&nbsp;<\/p>\r\n\r\n\r\n\r\n\r\n\r\n<h2 class=\"wp-block-heading\"><strong>FORMA DE PAGO<\/strong><\/h2>\r\n\r\n\r\n\r\n<p>El curso podr\u00e1 abonarse de las siguientes maneras:<\/p>\r\n\r\n\r\n\r\n<ul class=\"wp-block-list\">\r\n<li>1 &#8211; <strong>Personalmente<\/strong>. En la sede de CUDECOOP (18 de Julio 948. Oficina 502) de lunes a viernes de 9 a 16 horas.<\/li>\r\n<li>2 &#8211; <strong>Mediante dep\u00f3sito bancario. <\/strong>El dep\u00f3sito podr\u00e1 realizarse en algunas de las siguientes cuentas: a) Banco Santander Cuenta Corriente en pesos uruguayos Nro. 4089715 b) Banco Santander. Cuenta Corriente en d\u00f3lares Nro. 4131169. c) BANDES, Cuenta Corriente en pesos y d\u00f3lares Nro. 5781.<\/li>\r\n<li><strong>3 &#8211; Mediante giro a trav\u00e9s de las redes de cobranza descentralizada RED PAGOS o ABITAB<\/strong>. Los interesados en utilizar esta forma de pago deber\u00e1n ponerse en contacto con CUDECOOP para obtener los detalles (Nombre y CI) a los que deber\u00e1 remitirse el dinero.<\/li>\r\n<\/ul>\r\n\r\n\r\n\r\n<h2 class=\"wp-block-heading\"><strong>DATOS DE CONTACTO<\/strong><\/h2>\r\n\r\n\r\n\r\n<p><strong>Confederaci\u00f3n Uruguaya de Entidades Cooperativas \u2013CUDECOOP-<\/strong><\/p>\r\n\r\n\r\n\r\n<p><strong>Av. 18 de Julio 948 of. 502<\/strong><\/p>\r\n\r\n\r\n\r\n<p><strong>29025339 int. 305 &#8211; Whatsapp 091246327<\/strong><\/p>\r\n\r\n\r\n","protected":false},"excerpt":{"rendered":"<p>ESPECIALISTA EN GESTI\u00d3N COOPERATIVA Pr\u00f3ximo comienzo: 8 de abril de 2026 El curso tiene por finalidad generar en los participantes las competencias necesarias para la gesti\u00f3n integral de las cooperativas desde sus respectivos roles tanto institucionales como t\u00e9cnicos. Destinado a dirigentes de Cooperativas que cumplen roles institucionales y\/o t\u00e9cnicos en los Comit\u00e9s de Educaci\u00f3n, Fomento e Integraci\u00f3n Cooperativa.- Tambi\u00e9n est\u00e1 dirigido a profesionales y t\u00e9cnicos que trabajan vinculados al sector o que buscan hacerlo. Tanto para participantes de Uruguay como de otros pa\u00edses. En temas sociales y econ\u00f3micos, sobre bases sectoriales o territoriales, con especial \u00e9nfasis en el sector cooperativo [&#8230;]<\/p>\n","protected":false},"author":1,"featured_media":5390,"parent":0,"menu_order":0,"comment_status":"closed","ping_status":"closed","template":"educacion_cooperativa_page.php","meta":{"_acf_changed":false,"ngg_post_thumbnail":0,"footnotes":""},"class_list":["post-3059","page","type-page","status-publish","has-post-thumbnail","hentry"],"acf":[],"_links":{"self":[{"href":"https:\/\/www.cudecoop.coop\/cudecoop\/wp-json\/wp\/v2\/pages\/3059","targetHints":{"allow":["GET"]}}],"collection":[{"href":"https:\/\/www.cudecoop.coop\/cudecoop\/wp-json\/wp\/v2\/pages"}],"about":[{"href":"https:\/\/www.cudecoop.coop\/cudecoop\/wp-json\/wp\/v2\/types\/page"}],"author":[{"embeddable":true,"href":"https:\/\/www.cudecoop.coop\/cudecoop\/wp-json\/wp\/v2\/users\/1"}],"replies":[{"embeddable":true,"href":"https:\/\/www.cudecoop.coop\/cudecoop\/wp-json\/wp\/v2\/comments?post=3059"}],"version-history":[{"count":33,"href":"https:\/\/www.cudecoop.coop\/cudecoop\/wp-json\/wp\/v2\/pages\/3059\/revisions"}],"predecessor-version":[{"id":5402,"href":"https:\/\/www.cudecoop.coop\/cudecoop\/wp-json\/wp\/v2\/pages\/3059\/revisions\/5402"}],"wp:featuredmedia":[{"embeddable":true,"href":"https:\/\/www.cudecoop.coop\/cudecoop\/wp-json\/wp\/v2\/media\/5390"}],"wp:attachment":[{"href":"https:\/\/www.cudecoop.coop\/cudecoop\/wp-json\/wp\/v2\/media?parent=3059"}],"curies":[{"name":"wp","href":"https:\/\/api.w.org\/{rel}","templated":true}]}}